{"id":2,"date":"2011-07-22T15:13:34","date_gmt":"2011-07-22T15:13:34","guid":{"rendered":"https:\/\/www.isarcafe-landau.de\/?page_id=2"},"modified":"2022-06-22T12:32:17","modified_gmt":"2022-06-22T12:32:17","slug":"sample-page","status":"publish","type":"page","link":"https:\/\/www.isarcafe-landau.de\/","title":{"rendered":"<!--:de-->Start<!--:-->"},"content":{"rendered":"<p><!--:de--><\/p>\n<table border=\"0\" width=\"100%\" cellspacing=\"0\" cellpadding=\"0\">\n<tbody>\n<tr>\n<td colspan=\"3\">\n<h4>Liebe Seitenbesucher<\/h4>\n<\/td>\n<\/tr>\n<tr>\n<td colspan=\"3\">Als einer der traditionsreichsten und \u00e4ltesten B\u00e4ckerei- und Konditoreibetriebe in Landau an der Isar feiert das IsarCaf\u00e9 am 1. August 2023 sein 30-j\u00e4hriges Bestehen! Wir geben Ihnen gerne die Gelegenheit, einen virtuellen Blick in unser Caf\u00e9, seine ger\u00e4umige Sommerterrasse und die Backstube zu werfen; direkt \u00fcber die Schulter des B\u00e4ckermeisters Winzinger, bei dem es 7 Tage die Woche frische Backwaren aus eigener Herstellung gibt. Unsere derzeitige Haustorte, die &#8222;Florentiner&#8220; ist derzeit bei Kunden ein grosser Hit. Desweiteren hat unser Chef jetzt eine neue Torte kreiert, die er schlichtweg &#8222;Isar Torte&#8220; genannt hat.<\/td>\n<\/tr>\n<tr>\n<td colspan=\"3\" valign=\"top\"><\/td>\n<\/tr>\n<tr>\n<td colspan=\"3\" valign=\"top\">\n<div class=\"ngg-galleryoverview\" id=\"ngg-gallery-7-2\">\n\n\n\t\n\t<!-- Thumbnails -->\n\t\t\n\t<div id=\"ngg-image-29\" class=\"ngg-gallery-thumbnail-box\"  >\n\t\t<div class=\"ngg-gallery-thumbnail\" >\n\t\t\t<a href=\"https:\/\/www.isarcafe-landau.de\/wp-content\/gallery\/cafe_1\/002.jpg\" title=\" \" class=\"highslide\" onclick=\"return hs.expand(this, { slideshowGroup: 'set_7' })\" >\n\t\t\t\t\t\t\t\t<img decoding=\"async\" title=\"002\" alt=\"002\" src=\"https:\/\/www.isarcafe-landau.de\/wp-content\/gallery\/cafe_1\/thumbs\/thumbs_002.jpg\"  \/>\n\t\t\t\t\t\t\t<\/a>\n\t\t<\/div>\n\t<\/div>\n\t\n\t\t\n \t\t\n\t<div id=\"ngg-image-28\" class=\"ngg-gallery-thumbnail-box\"  >\n\t\t<div class=\"ngg-gallery-thumbnail\" >\n\t\t\t<a href=\"https:\/\/www.isarcafe-landau.de\/wp-content\/gallery\/cafe_1\/001.jpg\" title=\" \" class=\"highslide\" onclick=\"return hs.expand(this, { slideshowGroup: 'set_7' })\" >\n\t\t\t\t\t\t\t\t<img decoding=\"async\" title=\"001\" alt=\"001\" src=\"https:\/\/www.isarcafe-landau.de\/wp-content\/gallery\/cafe_1\/thumbs\/thumbs_001.jpg\"  \/>\n\t\t\t\t\t\t\t<\/a>\n\t\t<\/div>\n\t<\/div>\n\t\n\t\t\n \t\t\n\t<div id=\"ngg-image-30\" class=\"ngg-gallery-thumbnail-box\"  >\n\t\t<div class=\"ngg-gallery-thumbnail\" >\n\t\t\t<a href=\"https:\/\/www.isarcafe-landau.de\/wp-content\/gallery\/cafe_1\/003.jpg\" title=\" \" class=\"highslide\" onclick=\"return hs.expand(this, { slideshowGroup: 'set_7' })\" >\n\t\t\t\t\t\t\t\t<img decoding=\"async\" title=\"003\" alt=\"003\" src=\"https:\/\/www.isarcafe-landau.de\/wp-content\/gallery\/cafe_1\/thumbs\/thumbs_003.jpg\"  \/>\n\t\t\t\t\t\t\t<\/a>\n\t\t<\/div>\n\t<\/div>\n\t\n\t\t\n \t \t\n\t<!-- Pagination -->\n \t<div class=\"ngg-clear\"><\/div> \t\n<\/div>\n\n<\/td>\n<\/tr>\n<tr>\n<td colspan=\"3\" valign=\"top\"><\/td>\n<\/tr>\n<tr>\n<td colspan=\"3\" height=\"5\">\n<div class=\"ngg-galleryoverview\" id=\"ngg-gallery-4-2\">\n\n\n\t\n\t<!-- Thumbnails -->\n\t\t\n\t<div id=\"ngg-image-9\" class=\"ngg-gallery-thumbnail-box\"  >\n\t\t<div class=\"ngg-gallery-thumbnail\" >\n\t\t\t<a href=\"https:\/\/www.isarcafe-landau.de\/wp-content\/gallery\/aussenaufnahmen\/001.jpg\" title=\" \" class=\"highslide\" onclick=\"return hs.expand(this, { slideshowGroup: 'set_4' })\" >\n\t\t\t\t\t\t\t\t<img decoding=\"async\" title=\"001\" alt=\"001\" src=\"https:\/\/www.isarcafe-landau.de\/wp-content\/gallery\/aussenaufnahmen\/thumbs\/thumbs_001.jpg\"  \/>\n\t\t\t\t\t\t\t<\/a>\n\t\t<\/div>\n\t<\/div>\n\t\n\t\t\n \t\t\n\t<div id=\"ngg-image-10\" class=\"ngg-gallery-thumbnail-box\"  >\n\t\t<div class=\"ngg-gallery-thumbnail\" >\n\t\t\t<a href=\"https:\/\/www.isarcafe-landau.de\/wp-content\/gallery\/aussenaufnahmen\/002.jpg\" title=\" \" class=\"highslide\" onclick=\"return hs.expand(this, { slideshowGroup: 'set_4' })\" >\n\t\t\t\t\t\t\t\t<img loading=\"lazy\" decoding=\"async\" title=\" \" alt=\" \" src=\"https:\/\/www.isarcafe-landau.de\/wp-content\/gallery\/aussenaufnahmen\/thumbs\/thumbs_002.jpg\" width=\"160\" height=\"120\" \/>\n\t\t\t\t\t\t\t<\/a>\n\t\t<\/div>\n\t<\/div>\n\t\n\t\t\n \t\t\n\t<div id=\"ngg-image-11\" class=\"ngg-gallery-thumbnail-box\"  >\n\t\t<div class=\"ngg-gallery-thumbnail\" >\n\t\t\t<a href=\"https:\/\/www.isarcafe-landau.de\/wp-content\/gallery\/aussenaufnahmen\/003.jpg\" title=\" \" class=\"highslide\" onclick=\"return hs.expand(this, { slideshowGroup: 'set_4' })\" >\n\t\t\t\t\t\t\t\t<img loading=\"lazy\" decoding=\"async\" title=\" \" alt=\" \" src=\"https:\/\/www.isarcafe-landau.de\/wp-content\/gallery\/aussenaufnahmen\/thumbs\/thumbs_003.jpg\" width=\"160\" height=\"120\" \/>\n\t\t\t\t\t\t\t<\/a>\n\t\t<\/div>\n\t<\/div>\n\t\n\t\t\n \t \t\n\t<!-- Pagination -->\n \t<div class=\"ngg-clear\"><\/div> \t\n<\/div>\n\n<\/td>\n<\/tr>\n<tr>\n<td colspan=\"3\"><\/td>\n<\/tr>\n<tr>\n<td colspan=\"3\">\n<h4>Tradition seit 1769 &#8211; vom Fischerwirt zum IsarCaf\u00e9<\/h4>\n<\/td>\n<\/tr>\n<tr>\n<td align=\"left\" valign=\"top\" width=\"100\"><strong>1769<\/strong><\/td>\n<td rowspan=\"7\" align=\"left\" valign=\"top\" width=\"10\"><\/td>\n<td align=\"left\" valign=\"top\" width=\"440\">Unsere Gedenktafel steht f\u00fcr Tradition. Es ist ersichtlich, da\u00df seit diesem Jahr eine Gastwirtschaft betrieben wird, welche urkundlich als &#8220;Fischerh\u00fctte&#8220; erw\u00e4hnt wird.<\/td>\n<\/tr>\n<tr>\n<td align=\"left\" valign=\"top\"><strong>1873<\/strong><\/td>\n<td align=\"left\" valign=\"top\">Das Schankrecht wird eingetragen.<\/td>\n<\/tr>\n<tr>\n<td align=\"left\" valign=\"top\"><strong>1878-55<\/strong><\/td>\n<td align=\"left\" valign=\"top\">Der &#8220;Fischerwirt&#8220; wird erbaut und besteht 77 Jahre.<\/td>\n<\/tr>\n<tr>\n<td align=\"left\" valign=\"top\"><strong>1955-56<\/strong><\/td>\n<td align=\"left\" valign=\"top\">Das Geb\u00e4ude wird abgesrissen und als &#8222;IsarCaf\u00e9&#8220; neu errichtet.<\/td>\n<\/tr>\n<tr>\n<td align=\"left\" valign=\"top\"><strong>1958<\/strong><\/td>\n<td align=\"left\" valign=\"top\">Familie Brenner f\u00fchrt den Betrieb 35 Jahre lang.<\/td>\n<\/tr>\n<tr>\n<td align=\"left\" valign=\"top\"><strong>1971<\/strong><\/td>\n<td align=\"left\" valign=\"top\">Das Caf\u00e9 wird erweitert.<\/td>\n<\/tr>\n<tr>\n<td align=\"left\" valign=\"top\"><strong>1993<\/strong><\/td>\n<td align=\"left\" valign=\"top\">Die Konditorei-B\u00e4ckerei IsarCaf\u00e9 geht in den Besitz der Familie Winzinger \u00fcber.<\/td>\n<\/tr>\n<tr>\n<td colspan=\"3\" height=\"20\"><\/td>\n<\/tr>\n<tr>\n<td colspan=\"3\" valign=\"top\"><img loading=\"lazy\" decoding=\"async\" class=\"alignnone size-full wp-image-79\" title=\"Kuchen und Gabel\" src=\"https:\/\/www.isarcafe-landau.de\/wp-content\/uploads\/2011\/09\/bilder-neu-008.jpg\" alt=\"Kuchen\" width=\"545\" height=\"259\" srcset=\"https:\/\/www.isarcafe-landau.de\/wp-content\/uploads\/2011\/09\/bilder-neu-008.jpg 545w, https:\/\/www.isarcafe-landau.de\/wp-content\/uploads\/2011\/09\/bilder-neu-008-300x142.jpg 300w\" sizes=\"auto, (max-width: 545px) 100vw, 545px\" \/><\/td>\n<\/tr>\n<\/tbody>\n<\/table>\n<p><!--:--><\/p>\n","protected":false},"excerpt":{"rendered":"<p>Liebe Seitenbesucher Als einer der traditionsreichsten und \u00e4ltesten B\u00e4ckerei- und Konditoreibetriebe in Landau an der Isar feiert das IsarCaf\u00e9 am 1. August 2023 sein 30-j\u00e4hriges Bestehen! Wir geben Ihnen gerne die Gelegenheit, einen virtuellen Blick in unser Caf\u00e9, seine ger\u00e4umige Sommerterrasse und die Backstube zu werfen; direkt \u00fcber die Schulter des B\u00e4ckermeisters Winzinger, bei dem [&hellip;]<\/p>\n","protected":false},"author":3,"featured_media":0,"parent":0,"menu_order":10,"comment_status":"closed","ping_status":"closed","template":"","meta":{"footnotes":""},"class_list":["post-2","page","type-page","status-publish","hentry"],"_links":{"self":[{"href":"https:\/\/www.isarcafe-landau.de\/index.php?rest_route=\/wp\/v2\/pages\/2","targetHints":{"allow":["GET"]}}],"collection":[{"href":"https:\/\/www.isarcafe-landau.de\/index.php?rest_route=\/wp\/v2\/pages"}],"about":[{"href":"https:\/\/www.isarcafe-landau.de\/index.php?rest_route=\/wp\/v2\/types\/page"}],"author":[{"embeddable":true,"href":"https:\/\/www.isarcafe-landau.de\/index.php?rest_route=\/wp\/v2\/users\/3"}],"replies":[{"embeddable":true,"href":"https:\/\/www.isarcafe-landau.de\/index.php?rest_route=%2Fwp%2Fv2%2Fcomments&post=2"}],"version-history":[{"count":33,"href":"https:\/\/www.isarcafe-landau.de\/index.php?rest_route=\/wp\/v2\/pages\/2\/revisions"}],"predecessor-version":[{"id":266,"href":"https:\/\/www.isarcafe-landau.de\/index.php?rest_route=\/wp\/v2\/pages\/2\/revisions\/266"}],"wp:attachment":[{"href":"https:\/\/www.isarcafe-landau.de\/index.php?rest_route=%2Fwp%2Fv2%2Fmedia&parent=2"}],"curies":[{"name":"wp","href":"https:\/\/api.w.org\/{rel}","templated":true}]}}